{"id":41,"date":"2020-10-11T19:16:04","date_gmt":"2020-10-11T19:16:04","guid":{"rendered":"http:\/\/inteligenciaenlared.us.es\/?page_id=41"},"modified":"2020-10-11T19:16:04","modified_gmt":"2020-10-11T19:16:04","slug":"cuerpo-editorial","status":"publish","type":"page","link":"https:\/\/inteligenciaenlared.us.es\/?page_id=41","title":{"rendered":"Cuerpo Editorial"},"content":{"rendered":"\n<figure class=\"wp-block-image size-large\"><img src=\"http:\/\/institucional.us.es\/catedratel\/wp-content\/uploads\/2009\/07\/foto_juan_buena.jpg\" alt=\"\"\/><\/figure>\n\n\n\n<p>Juan Ignacio Guerrero Alonso, Administrador de la C\u00e1tedra Inteligencia en la Red (Red de C\u00e1tedras de Telef\u00f3nica), es Profesor de la\u00a0<a rel=\"noreferrer noopener\" href=\"http:\/\/www.us.es\/\" target=\"_blank\">Universidad de Sevilla<\/a>\u00a0(<a rel=\"noreferrer noopener\" href=\"http:\/\/www.informatica.us.es\/\" target=\"_blank\">ETSII\u00a0<\/a>y\u00a0<a rel=\"noreferrer noopener\" href=\"http:\/\/www.eps.us.es\/\" target=\"_blank\">EPS<\/a>), diplomado en Ingenier\u00eda T\u00e9cnica de Inform\u00e1tica de Sistemas por la Universidad de C\u00f3rdoba, titulado en Ingenier\u00eda Inform\u00e1tica por la Universidad de Sevilla y Doctorado en Inform\u00e1tica Industrial por la Universidad de Sevilla. Su inter\u00e9s investigador se centra en los Sistemas Expertos, Miner\u00eda de Datos, Miner\u00eda de Texto e Inteligencia Artificial aplicadas al campo de las utilities y las comunicaciones ionosf\u00e9ricas. Pertenece al grupo de investigaci\u00f3n\u00a0<a rel=\"noreferrer noopener\" href=\"http:\/\/institucional.us.es\/ustic150\" target=\"_blank\">Tecnolog\u00eda Electr\u00f3nica e Inform\u00e1tica Industrial (TIC150)<\/a>. Actualmente se encuentra realizando el Doctorado de Inform\u00e1tica Industrial en\u00a0<a rel=\"noreferrer noopener\" href=\"http:\/\/www.dte.us.es\/\" target=\"_blank\">Departamento de Tecnolog\u00eda Electr\u00f3nica\u00a0<\/a>en la Universidad de Sevilla, colaborando, al mismo tiempo, con varias empresas y organismos en investigaciones del grupo de investigaci\u00f3n relacionadas con las utilities.<\/p>\n\n\n\n<figure class=\"wp-block-image size-large\"><img src=\"http:\/\/institucional.us.es\/catedratel\/wp-content\/uploads\/2009\/07\/fotocleon.jpg\" alt=\"\"\/><\/figure>\n\n\n\n<p>Carlos Le\u00f3n de Mora, Director de la C\u00e1tedra Inteligencia en la Red (Red de C\u00e1tedras de Telef\u00f3nica),\u00a0es Licenciado en F\u00edsica y Doctor en Inform\u00e1tica por la\u00a0<a rel=\"noreferrer noopener\" href=\"http:\/\/www.us.es\/\" target=\"_blank\">Universidad de Sevilla<\/a>. Actualmente es Profesor Titular de Universidad, adscrito al\u00a0<a rel=\"noreferrer noopener\" href=\"http:\/\/www.dte.us.es\/\" target=\"_blank\">Departamento de Tecnolog\u00eda Electr\u00f3nica<\/a>\u00a0de la\u00a0<a rel=\"noreferrer noopener\" href=\"http:\/\/www.informatica.us.es\/\" target=\"_blank\">ETSI Inform\u00e1tica\u00a0<\/a>de la Universidad de Sevilla y ocupa el cargo de\u00a0<a rel=\"noreferrer noopener\" href=\"http:\/\/www.us.es\/servicios\/sic\" target=\"_blank\">Director del Secretariado de Tecnolog\u00edas de la Informaci\u00f3n y las Comunicaciones\u00a0<\/a>de la citada Universidad. Su inter\u00e9s investigador se centra en la aplicaci\u00f3n de los Sistemas Inteligentes en el campo de las telecomunicaciones y la energ\u00eda. Es director de numerosos proyectos de investigaci\u00f3n oficiales y con empresas (Telef\u00f3nica, Sadiel, Endesa, etc.) y autor de mas de 50 publicaciones sobre aplicaciones de la Inteligencia Computacional en diferentes campos.<\/p>\n\n\n\n<figure class=\"wp-block-image size-large\"><img src=\"http:\/\/institucional.us.es\/catedratel\/wp-content\/uploads\/2009\/07\/foto_jose_sevi.jpg\" alt=\"\"\/><\/figure>\n\n\n\n<p>Jos\u00e9 Luis Sevillano Ramos, coordinador de la C\u00e1tedra Inteligencia en la Red (Red de C\u00e1tedras de Telef\u00f3nica). Doctor en F\u00edsica por la\u00a0<a rel=\"noreferrer noopener\" href=\"http:\/\/www.us.es\/\" target=\"_blank\">Universidad de Sevilla<\/a>\u00a0(1993), es desde 1996 Profesor Titular de\u00a0<a rel=\"noreferrer noopener\" href=\"http:\/\/www.atc.us.es\/\" target=\"_blank\">Arquitectura de Computadores\u00a0<\/a>en dicha Universidad. Ha ocupado los cargos de Subdirector de la\u00a0<a rel=\"noreferrer noopener\" href=\"http:\/\/www.informatica.us.es\/\" target=\"_blank\">Escuela T\u00e9cnica Superior de Ingenier\u00eda Inform\u00e1tica\u00a0<\/a>(2004-7) y de Director del\u00a0<a rel=\"noreferrer noopener\" href=\"http:\/\/vdocencia.us.es\/secretariado-de-innovacion-docente\" target=\"_blank\">Secretariado de Innovaci\u00f3n Docente de la Universidad de Sevilla<\/a>\u00a0(2007-8). Editor Asociado del\u00a0<a rel=\"noreferrer noopener\" href=\"http:\/\/eu.wiley.com\/WileyCDA\/WileyTitle\/productCd-DAC.html\" target=\"_blank\">International Journal of Communication Systems<\/a>\u00a0(Ed. Wiley) (2007-Actualidad). Miembro del comit\u00e9 cient\u00edfico\/organizador de varios congresos internacionales, incluyendo IEEE AICCSA 2007, IEEE ICC-2008 y 2009, Globecom 2008, SPECTS-2008 (como Vice-Chair), SPECTS-2009 (como Chair) y IEEE-AICCSA 2009 (como Chair). Autor\/Coautor de m\u00e1s de 60 art\u00edculos en revistas y congresos internacionales, e investigador en m\u00e1s de 20 proyectos y contratos de I+D (2 de ellos como Investigador Principal), sus l\u00edneas de investigaci\u00f3n incluyen las arquitecturas y comunicaciones en tiempo real, robots m\u00f3viles y sistemas de rehabilitaci\u00f3n.<\/p>\n\n\n\n<p><\/p>\n","protected":false},"excerpt":{"rendered":"<p>Juan Ignacio Guerrero Alonso, Administrador de la C\u00e1tedra Inteligencia en la Red (Red de C\u00e1tedras de Telef\u00f3nica), es Profesor de la\u00a0Universidad de Sevilla\u00a0(ETSII\u00a0y\u00a0EPS), diplomado en &#8230;<\/p>\n","protected":false},"author":1,"featured_media":0,"parent":0,"menu_order":0,"comment_status":"closed","ping_status":"closed","template":"","meta":[],"_links":{"self":[{"href":"https:\/\/inteligenciaenlared.us.es\/index.php?rest_route=\/wp\/v2\/pages\/41"}],"collection":[{"href":"https:\/\/inteligenciaenlared.us.es\/index.php?rest_route=\/wp\/v2\/pages"}],"about":[{"href":"https:\/\/inteligenciaenlared.us.es\/index.php?rest_route=\/wp\/v2\/types\/page"}],"author":[{"embeddable":true,"href":"https:\/\/inteligenciaenlared.us.es\/index.php?rest_route=\/wp\/v2\/users\/1"}],"replies":[{"embeddable":true,"href":"https:\/\/inteligenciaenlared.us.es\/index.php?rest_route=%2Fwp%2Fv2%2Fcomments&post=41"}],"version-history":[{"count":1,"href":"https:\/\/inteligenciaenlared.us.es\/index.php?rest_route=\/wp\/v2\/pages\/41\/revisions"}],"predecessor-version":[{"id":42,"href":"https:\/\/inteligenciaenlared.us.es\/index.php?rest_route=\/wp\/v2\/pages\/41\/revisions\/42"}],"wp:attachment":[{"href":"https:\/\/inteligenciaenlared.us.es\/index.php?rest_route=%2Fwp%2Fv2%2Fmedia&parent=41"}],"curies":[{"name":"wp","href":"https:\/\/api.w.org\/{rel}","templated":true}]}}