{"id":7,"date":"2020-10-11T15:56:44","date_gmt":"2020-10-11T15:56:44","guid":{"rendered":"http:\/\/inteligenciaenlared.us.es\/?page_id=7"},"modified":"2020-10-11T19:22:12","modified_gmt":"2020-10-11T19:22:12","slug":"acerca-de","status":"publish","type":"page","link":"https:\/\/inteligenciaenlared.us.es\/","title":{"rendered":"Acerca de"},"content":{"rendered":"\n<p>La&nbsp;<strong>C\u00e1tedra Telef\u00f3nica Inteligencia en la Red<\/strong>&nbsp;es creada con el objetivo de debatir, reflexionar e investigar sobre nuevas tecnolog\u00edas de la informaci\u00f3n y las telecomunicaciones. En particular, la c\u00e1tedra potenciar\u00e1 trabajos acad\u00e9micos solventes, de car\u00e1cter tanto docente como de investigaci\u00f3n, relacionados con la inteligencia en red, orientada a las aplicaciones TIC en la salud, el e-learning, y el medio ambiente.<\/p>\n\n\n\n<p>En esta publicaci\u00f3n se pretende dejar patente la contribuci\u00f3n de esta C\u00e1tedra a los proyectos y trabajos realizados en la Universidad de Sevilla, que han producido resultados acad\u00e9micos solventes, mediante una publicaci\u00f3n en forma de art\u00edculo corto o contribuci\u00f3n cient\u00edfica completa, que resuma y\/o recolecte los resultados obtenidos a lo largo del a\u00f1o.<\/p>\n","protected":false},"excerpt":{"rendered":"<p>La&nbsp;C\u00e1tedra Telef\u00f3nica Inteligencia en la Red&nbsp;es creada con el objetivo de debatir, reflexionar e investigar sobre nuevas tecnolog\u00edas de la informaci\u00f3n y las telecomunicaciones. En &#8230;<\/p>\n","protected":false},"author":1,"featured_media":0,"parent":0,"menu_order":0,"comment_status":"closed","ping_status":"closed","template":"","meta":[],"_links":{"self":[{"href":"https:\/\/inteligenciaenlared.us.es\/index.php?rest_route=\/wp\/v2\/pages\/7"}],"collection":[{"href":"https:\/\/inteligenciaenlared.us.es\/index.php?rest_route=\/wp\/v2\/pages"}],"about":[{"href":"https:\/\/inteligenciaenlared.us.es\/index.php?rest_route=\/wp\/v2\/types\/page"}],"author":[{"embeddable":true,"href":"https:\/\/inteligenciaenlared.us.es\/index.php?rest_route=\/wp\/v2\/users\/1"}],"replies":[{"embeddable":true,"href":"https:\/\/inteligenciaenlared.us.es\/index.php?rest_route=%2Fwp%2Fv2%2Fcomments&post=7"}],"version-history":[{"count":3,"href":"https:\/\/inteligenciaenlared.us.es\/index.php?rest_route=\/wp\/v2\/pages\/7\/revisions"}],"predecessor-version":[{"id":47,"href":"https:\/\/inteligenciaenlared.us.es\/index.php?rest_route=\/wp\/v2\/pages\/7\/revisions\/47"}],"wp:attachment":[{"href":"https:\/\/inteligenciaenlared.us.es\/index.php?rest_route=%2Fwp%2Fv2%2Fmedia&parent=7"}],"curies":[{"name":"wp","href":"https:\/\/api.w.org\/{rel}","templated":true}]}}